{"id":8,"date":"2025-05-14T09:10:54","date_gmt":"2025-05-14T09:10:54","guid":{"rendered":"https:\/\/www.bovila.fr\/recherche-disponibilite\/"},"modified":"2025-05-19T15:07:58","modified_gmt":"2025-05-19T15:07:58","slug":"recherche-disponibilite","status":"publish","type":"page","link":"https:\/\/www.bovila.fr\/en\/recherche-disponibilite\/","title":{"rendered":"Recherche Disponibilit\u00e9"},"content":{"rendered":"<div data-elementor-type=\"wp-page\" data-elementor-id=\"8\" class=\"elementor elementor-8\" data-elementor-post-type=\"page\">\n\t\t\t\t<div class=\"elementor-element elementor-element-254f7cf0 e-flex e-con-boxed e-con e-parent\" data-id=\"254f7cf0\" data-element_type=\"container\">\n\t\t\t\t\t<div class=\"e-con-inner\">\n\t\t<div class=\"elementor-element elementor-element-5fef3bb e-con-full e-flex e-con e-child\" data-id=\"5fef3bb\" data-element_type=\"container\" data-settings=\"{&quot;background_background&quot;:&quot;classic&quot;}\">\n\t\t\t\t<div class=\"elementor-element elementor-element-a1273a5 elementor-widget elementor-widget-heading\" data-id=\"a1273a5\" data-element_type=\"widget\" data-widget_type=\"heading.default\">\n\t\t\t\t<div class=\"elementor-widget-container\">\n\t\t\t\t\t<h2 class=\"elementor-heading-title elementor-size-default\">Trouvez le logement id\u00e9al en 3 clics<\/h2>\t\t\t\t<\/div>\n\t\t\t\t<\/div>\n\t\t\t\t<div class=\"elementor-element elementor-element-715f21a elementor-widget elementor-widget-text-editor\" data-id=\"715f21a\" data-element_type=\"widget\" data-widget_type=\"text-editor.default\">\n\t\t\t\t<div class=\"elementor-widget-container\">\n\t\t\t\t\t\t\t\t\t<p><span class=\"_fadeIn_m1hgl_8\">Que <\/span><span class=\"_fadeIn_m1hgl_8\">vous <\/span><span class=\"_fadeIn_m1hgl_8\">soyez <\/span><span class=\"_fadeIn_m1hgl_8\">de <\/span><span class=\"_fadeIn_m1hgl_8\">passage <\/span><span class=\"_fadeIn_m1hgl_8\">ou <\/span><span class=\"_fadeIn_m1hgl_8\">to <\/span><span class=\"_fadeIn_m1hgl_8\">la <\/span><span class=\"_fadeIn_m1hgl_8\">recherche <\/span><span class=\"_fadeIn_m1hgl_8\">d\u2019un <\/span><span class=\"_fadeIn_m1hgl_8\">h\u00e9bergement <\/span><span class=\"_fadeIn_m1hgl_8\">pour <\/span><span class=\"_fadeIn_m1hgl_8\">une <\/span><span class=\"_fadeIn_m1hgl_8\">plus <\/span><span class=\"_fadeIn_m1hgl_8\">longue <\/span><span class=\"_fadeIn_m1hgl_8\">dur\u00e9e, <\/span><span class=\"_fadeIn_m1hgl_8\">nous <\/span><span class=\"_fadeIn_m1hgl_8\">vous <\/span><span class=\"_fadeIn_m1hgl_8\">aidons <\/span><span class=\"_fadeIn_m1hgl_8\">to <\/span><span class=\"_fadeIn_m1hgl_8\">trouver <\/span><span class=\"_fadeIn_m1hgl_8\">le <\/span><span class=\"_fadeIn_m1hgl_8\">logement <\/span><span class=\"_fadeIn_m1hgl_8\">qui <\/span><span class=\"_fadeIn_m1hgl_8\">vous <\/span><span class=\"_fadeIn_m1hgl_8\">correspond. <\/span><span class=\"_fadeIn_m1hgl_8\">Remplissez <\/span><span class=\"_fadeIn_m1hgl_8\">les <\/span><span class=\"_fadeIn_m1hgl_8\">informations <\/span><span class=\"_fadeIn_m1hgl_8\">ci-<\/span><span class=\"_fadeIn_m1hgl_8\">dessous, <\/span><span class=\"_fadeIn_m1hgl_8\">et <\/span><span class=\"_fadeIn_m1hgl_8\">d\u00e9couvrez <\/span><span class=\"_fadeIn_m1hgl_8\">imm\u00e9diatement <\/span><span class=\"_fadeIn_m1hgl_8\">les <\/span><span class=\"_fadeIn_m1hgl_8\">options <\/span><span class=\"_fadeIn_m1hgl_8\">disponibles <\/span><span class=\"_fadeIn_m1hgl_8\">selon <\/span><span class=\"_fadeIn_m1hgl_8\">vos <\/span><span class=\"_fadeIn_m1hgl_8\">crit\u00e8res. <\/span><span class=\"_fadeIn_m1hgl_8\">Simplicit\u00e9, <\/span><span class=\"_fadeIn_m1hgl_8\">rapidit\u00e9 <\/span><span class=\"_fadeIn_m1hgl_8\">et <\/span><span class=\"_fadeIn_m1hgl_8\">tranquillit\u00e9 <\/span><span class=\"_fadeIn_m1hgl_8\">garanties.<\/span><\/p>\t\t\t\t\t\t\t\t<\/div>\n\t\t\t\t<\/div>\n\t\t\t\t<div class=\"elementor-element elementor-element-54bcb3c4 elementor-widget elementor-widget-shortcode\" data-id=\"54bcb3c4\" data-element_type=\"widget\" data-widget_type=\"shortcode.default\">\n\t\t\t\t<div class=\"elementor-widget-container\">\n\t\t\t\t\t\t\t<div class=\"elementor-shortcode\">[mphb_availability_search]<\/div>\n\t\t\t\t\t\t<\/div>\n\t\t\t\t<\/div>\n\t\t\t\t<\/div>\n\t\t<div class=\"elementor-element elementor-element-316e82b e-con-full e-flex e-con e-child\" data-id=\"316e82b\" data-element_type=\"container\">\n\t\t<a class=\"elementor-element elementor-element-6da89b7 e-con-full e-flex e-con e-child\" data-id=\"6da89b7\" data-element_type=\"container\" data-settings=\"{&quot;background_background&quot;:&quot;classic&quot;}\" href=\"https:\/\/www.bovila.fr\/en\/\">\n\t\t<div class=\"elementor-element elementor-element-7ccfb64 e-con-full e-flex e-con e-child\" data-id=\"7ccfb64\" data-element_type=\"container\">\n\t\t\t\t<div class=\"elementor-element elementor-element-4fbd6eb elementor-widget elementor-widget-text-editor\" data-id=\"4fbd6eb\" data-element_type=\"widget\" data-widget_type=\"text-editor.default\">\n\t\t\t\t<div class=\"elementor-widget-container\">\n\t\t\t\t\t\t\t\t\t<p class=\"translation-block\">Back to home<\/p>\t\t\t\t\t\t\t\t<\/div>\n\t\t\t\t<\/div>\n\t\t\t\t<\/div>\n\t\t\t\t<\/a>\n\t\t\t\t<\/div>\n\t\t\t\t\t<\/div>\n\t\t\t\t<\/div>\n\t\t\t\t<\/div>","protected":false},"excerpt":{"rendered":"<p>Trouvez le logement id\u00e9al en 3 clics Que vous soyez de passage ou \u00e0 la recherche d\u2019un h\u00e9bergement pour une plus longue dur\u00e9e, nous vous aidons \u00e0 trouver le logement qui vous correspond. Remplissez les informations ci-dessous, et d\u00e9couvrez imm\u00e9diatement les options disponibles selon vos crit\u00e8res. Simplicit\u00e9, rapidit\u00e9 et tranquillit\u00e9 garanties. [mphb_availability_search] Retour \u00e0 l\u2019accueil<\/p>","protected":false},"author":1,"featured_media":0,"parent":0,"menu_order":0,"comment_status":"closed","ping_status":"closed","template":"elementor_header_footer","meta":{"_acf_changed":false,"footnotes":""},"class_list":["post-8","page","type-page","status-publish","hentry"],"acf":[],"_links":{"self":[{"href":"https:\/\/www.bovila.fr\/en\/wp-json\/wp\/v2\/pages\/8","targetHints":{"allow":["GET"]}}],"collection":[{"href":"https:\/\/www.bovila.fr\/en\/wp-json\/wp\/v2\/pages"}],"about":[{"href":"https:\/\/www.bovila.fr\/en\/wp-json\/wp\/v2\/types\/page"}],"author":[{"embeddable":true,"href":"https:\/\/www.bovila.fr\/en\/wp-json\/wp\/v2\/users\/1"}],"replies":[{"embeddable":true,"href":"https:\/\/www.bovila.fr\/en\/wp-json\/wp\/v2\/comments?post=8"}],"version-history":[{"count":16,"href":"https:\/\/www.bovila.fr\/en\/wp-json\/wp\/v2\/pages\/8\/revisions"}],"predecessor-version":[{"id":1772,"href":"https:\/\/www.bovila.fr\/en\/wp-json\/wp\/v2\/pages\/8\/revisions\/1772"}],"wp:attachment":[{"href":"https:\/\/www.bovila.fr\/en\/wp-json\/wp\/v2\/media?parent=8"}],"curies":[{"name":"wp","href":"https:\/\/api.w.org\/{rel}","templated":true}]}}