{"id":1566,"date":"2025-05-18T08:57:14","date_gmt":"2025-05-18T08:57:14","guid":{"rendered":"https:\/\/www.bovila.fr\/?page_id=1566"},"modified":"2025-05-30T10:09:17","modified_gmt":"2025-05-30T10:09:17","slug":"mentions-legales","status":"publish","type":"page","link":"https:\/\/www.bovila.fr\/en\/mentions-legales\/","title":{"rendered":"Mentions L\u00e9gales"},"content":{"rendered":"<div data-elementor-type=\"wp-page\" data-elementor-id=\"1566\" class=\"elementor elementor-1566\" data-elementor-post-type=\"page\">\n\t\t\t\t<div class=\"elementor-element elementor-element-8c23407 e-flex e-con-boxed e-con e-parent\" data-id=\"8c23407\" data-element_type=\"container\">\n\t\t\t\t\t<div class=\"e-con-inner\">\n\t\t\t\t<div class=\"elementor-element elementor-element-75cdb1e elementor-widget elementor-widget-heading\" data-id=\"75cdb1e\" data-element_type=\"widget\" data-widget_type=\"heading.default\">\n\t\t\t\t<div class=\"elementor-widget-container\">\n\t\t\t\t\t<h1 class=\"elementor-heading-title elementor-size-default\">Legal notices<\/h1>\t\t\t\t<\/div>\n\t\t\t\t<\/div>\n\t\t\t\t<div class=\"elementor-element elementor-element-87b89af elementor-widget elementor-widget-text-editor\" data-id=\"87b89af\" data-element_type=\"widget\" data-widget_type=\"text-editor.default\">\n\t\t\t\t<div class=\"elementor-widget-container\">\n\t\t\t\t\t\t\t\t\t<p><\/p>\n<p data-start=\"228\" data-end=\"249\"><strong>1. Site Publisher<\/strong><\/p>\n<p data-start=\"251\" data-end=\"435\">This site is published by:<br data-start=\"274\" data-end=\"277\" \/>Agence Achroma<br data-start=\"295\" data-end=\"298\" \/>177 Rue de Bovila, 46800 Porte du Quercy<br data-start=\"338\" data-end=\"341\" \/><a class=\"cursor-pointer\" rel=\"noopener\" data-start=\"344\" data-end=\"405\">contact@agence-achroma.com<\/a><br data-start=\"405\" data-end=\"408\" \/>SIRET : 977 671 445 00012<br \/><br \/>for :\u00a0<br \/><br \/>SAS B\u00f4Vila Vacances<br \/>Company in the process of being created<\/p>\n<p data-start=\"437\" data-end=\"452\"><strong>2. Hosting Provider<\/strong><\/p>\n<p data-start=\"454\" data-end=\"588\">The site is hosted by:<br data-start=\"479\" data-end=\"482\" \/>o2switch<br data-start=\"494\" data-end=\"497\" \/>Chemin des Pardiaux, 63000 Clermont-Ferrand<br data-start=\"540\" data-end=\"543\" \/><a class=\"\" href=\"https:\/\/www.o2switch.fr\" target=\"_new\" rel=\"noopener\" data-start=\"546\" data-end=\"588\">www.o2switch.fr<\/a><\/p>\n<p data-start=\"590\" data-end=\"620\"><strong>3. Intellectual Property<\/strong><\/p>\n<p data-start=\"622\" data-end=\"952\">All content on the bovila.fr website (texts, images, graphics, logo, etc.) is protected by intellectual property laws and is the exclusive property of Agence Achroma.<br data-start=\"832\" data-end=\"835\" \/>Any reproduction, modification, or distribution, whether partial or total, is prohibited without prior written authorization.<\/p>\n<p data-start=\"954\" data-end=\"980\"><strong>4. Personal Data<\/strong><\/p>\n<p data-start=\"982\" data-end=\"1191\">The data collected through the forms (contact, booking, etc.) is used solely for processing user requests.<br data-start=\"1133\" data-end=\"1136\" \/>No personal information is shared with third parties.<\/p>\n<p data-start=\"1193\" data-end=\"1473\">In accordance with the General Data Protection Regulation (GDPR), you have the right to access, rectify, and delete your personal data.<br data-start=\"1366\" data-end=\"1369\" \/>To exercise this right, please contact us at the following address:<br data-start=\"1422\" data-end=\"1425\" \/><a class=\"cursor-pointer\" rel=\"noopener\" data-start=\"1428\" data-end=\"1473\">contact@bovila.fr<\/a><\/p>\n<p data-start=\"1475\" data-end=\"1494\"><strong>5. Cr\u00e9dits photo<\/strong><\/p>\n<p data-start=\"1496\" data-end=\"1776\">Home : Teddy Verneuil, L. Berton, J\u00e9r\u00f4me Morel, Gilles Tordjman, Shutterstock<br data-start=\"1585\" data-end=\"1588\" \/>The village : Agence Achroma, Shutterstock<br data-start=\"1633\" data-end=\"1636\" \/>Discover Figeac : Christophe Bouth\u00e9, Suzanne Ailbert, Teddy Verneuil, L. Berton, Shutterstock<br data-start=\"1734\" data-end=\"1737\" \/>Contact \/ Book your stay  : Shutterstock<\/p>\n<p data-start=\"1778\" data-end=\"1841\">The photographs published on the site are non-contractual.<\/p>\n<p data-start=\"1843\" data-end=\"1868\"><strong>6. Last Update<\/strong><\/p>\n<p data-start=\"1870\" data-end=\"1908\">Last update : 30 mai 2025<\/p>\t\t\t\t\t\t\t\t<\/div>\n\t\t\t\t<\/div>\n\t\t<div class=\"elementor-element elementor-element-51eb8eb e-con-full e-flex e-con e-child\" data-id=\"51eb8eb\" data-element_type=\"container\">\n\t\t<a class=\"elementor-element elementor-element-45a3926 e-con-full e-flex e-con e-child\" data-id=\"45a3926\" data-element_type=\"container\" data-settings=\"{&quot;background_background&quot;:&quot;classic&quot;}\" href=\"https:\/\/www.bovila.fr\/en\/\">\n\t\t<div class=\"elementor-element elementor-element-2312806 e-con-full e-flex e-con e-child\" data-id=\"2312806\" data-element_type=\"container\">\n\t\t\t\t<div class=\"elementor-element elementor-element-326c1aa elementor-widget elementor-widget-text-editor\" data-id=\"326c1aa\" data-element_type=\"widget\" data-widget_type=\"text-editor.default\">\n\t\t\t\t<div class=\"elementor-widget-container\">\n\t\t\t\t\t\t\t\t\t<p class=\"translation-block\">Back to home<\/p>\t\t\t\t\t\t\t\t<\/div>\n\t\t\t\t<\/div>\n\t\t\t\t<\/div>\n\t\t\t\t<\/a>\n\t\t\t\t<\/div>\n\t\t\t\t\t<\/div>\n\t\t\t\t<\/div>\n\t\t\t\t<\/div>","protected":false},"excerpt":{"rendered":"<p>Mentions l\u00e9gales 1. \u00c9diteur du site Ce site est \u00e9dit\u00e9 par :Agence Achroma177 Rue de Bovila, 46800 Porte du Quercycontact@agence-achroma.comSIRET : 977 671 445 00012 pour :\u00a0 SAS B\u00f4Vila VacancesSoci\u00e9t\u00e9 en cours de cr\u00e9ation 2. H\u00e9bergeur Le site est h\u00e9berg\u00e9 par :o2switchChemin des Pardiaux, 63000 Clermont-Ferrandwww.o2switch.fr 3. Propri\u00e9t\u00e9 intellectuelle L\u2019ensemble des contenus pr\u00e9sents sur le [&hellip;]<\/p>","protected":false},"author":1,"featured_media":0,"parent":0,"menu_order":0,"comment_status":"closed","ping_status":"closed","template":"elementor_header_footer","meta":{"_acf_changed":false,"footnotes":""},"class_list":["post-1566","page","type-page","status-publish","hentry"],"acf":[],"_links":{"self":[{"href":"https:\/\/www.bovila.fr\/en\/wp-json\/wp\/v2\/pages\/1566","targetHints":{"allow":["GET"]}}],"collection":[{"href":"https:\/\/www.bovila.fr\/en\/wp-json\/wp\/v2\/pages"}],"about":[{"href":"https:\/\/www.bovila.fr\/en\/wp-json\/wp\/v2\/types\/page"}],"author":[{"embeddable":true,"href":"https:\/\/www.bovila.fr\/en\/wp-json\/wp\/v2\/users\/1"}],"replies":[{"embeddable":true,"href":"https:\/\/www.bovila.fr\/en\/wp-json\/wp\/v2\/comments?post=1566"}],"version-history":[{"count":34,"href":"https:\/\/www.bovila.fr\/en\/wp-json\/wp\/v2\/pages\/1566\/revisions"}],"predecessor-version":[{"id":3326,"href":"https:\/\/www.bovila.fr\/en\/wp-json\/wp\/v2\/pages\/1566\/revisions\/3326"}],"wp:attachment":[{"href":"https:\/\/www.bovila.fr\/en\/wp-json\/wp\/v2\/media?parent=1566"}],"curies":[{"name":"wp","href":"https:\/\/api.w.org\/{rel}","templated":true}]}}