{"id":13,"date":"2025-05-14T09:10:54","date_gmt":"2025-05-14T09:10:54","guid":{"rendered":"https:\/\/www.bovila.fr\/confirmation-de-reservation\/reservation-annulee\/"},"modified":"2025-05-17T16:29:43","modified_gmt":"2025-05-17T16:29:43","slug":"reservation-annulee","status":"publish","type":"page","link":"https:\/\/www.bovila.fr\/en\/confirmation-de-reservation\/reservation-annulee\/","title":{"rendered":"R\u00e9servation annul\u00e9e"},"content":{"rendered":"<div data-elementor-type=\"wp-page\" data-elementor-id=\"13\" class=\"elementor elementor-13\" data-elementor-post-type=\"page\">\n\t\t\t\t<div class=\"elementor-element elementor-element-37bbf247 e-flex e-con-boxed e-con e-parent\" data-id=\"37bbf247\" data-element_type=\"container\">\n\t\t\t\t\t<div class=\"e-con-inner\">\n\t\t\t\t<div class=\"elementor-element elementor-element-4bf174f3 elementor-widget elementor-widget-text-editor\" data-id=\"4bf174f3\" data-element_type=\"widget\" data-widget_type=\"text-editor.default\">\n\t\t\t\t<div class=\"elementor-widget-container\">\n\t\t\t\t\t\t\t\t\tVotre r\u00e9servation est annul\u00e9e.\t\t\t\t\t\t\t\t<\/div>\n\t\t\t\t<\/div>\n\t\t<a class=\"elementor-element elementor-element-a3f6a7f e-con-full e-flex e-con e-child\" data-id=\"a3f6a7f\" data-element_type=\"container\" data-settings=\"{&quot;background_background&quot;:&quot;classic&quot;}\" href=\"https:\/\/www.bovila.fr\/en\/\">\n\t\t<div class=\"elementor-element elementor-element-3819bf7 e-con-full e-flex e-con e-child\" data-id=\"3819bf7\" data-element_type=\"container\">\n\t\t\t\t<div class=\"elementor-element elementor-element-d439689 elementor-widget elementor-widget-text-editor\" data-id=\"d439689\" data-element_type=\"widget\" data-widget_type=\"text-editor.default\">\n\t\t\t\t<div class=\"elementor-widget-container\">\n\t\t\t\t\t\t\t\t\t<p class=\"translation-block\">Back to home<\/p>\t\t\t\t\t\t\t\t<\/div>\n\t\t\t\t<\/div>\n\t\t\t\t<\/div>\n\t\t\t\t<\/a>\n\t\t\t\t\t<\/div>\n\t\t\t\t<\/div>\n\t\t\t\t<\/div>","protected":false},"excerpt":{"rendered":"<p>Votre r\u00e9servation est annul\u00e9e. Retour \u00e0 l\u2019accueil<\/p>","protected":false},"author":1,"featured_media":0,"parent":11,"menu_order":0,"comment_status":"closed","ping_status":"closed","template":"elementor_header_footer","meta":{"_acf_changed":false,"footnotes":""},"class_list":["post-13","page","type-page","status-publish","hentry"],"acf":[],"_links":{"self":[{"href":"https:\/\/www.bovila.fr\/en\/wp-json\/wp\/v2\/pages\/13","targetHints":{"allow":["GET"]}}],"collection":[{"href":"https:\/\/www.bovila.fr\/en\/wp-json\/wp\/v2\/pages"}],"about":[{"href":"https:\/\/www.bovila.fr\/en\/wp-json\/wp\/v2\/types\/page"}],"author":[{"embeddable":true,"href":"https:\/\/www.bovila.fr\/en\/wp-json\/wp\/v2\/users\/1"}],"replies":[{"embeddable":true,"href":"https:\/\/www.bovila.fr\/en\/wp-json\/wp\/v2\/comments?post=13"}],"version-history":[{"count":10,"href":"https:\/\/www.bovila.fr\/en\/wp-json\/wp\/v2\/pages\/13\/revisions"}],"predecessor-version":[{"id":1459,"href":"https:\/\/www.bovila.fr\/en\/wp-json\/wp\/v2\/pages\/13\/revisions\/1459"}],"up":[{"embeddable":true,"href":"https:\/\/www.bovila.fr\/en\/wp-json\/wp\/v2\/pages\/11"}],"wp:attachment":[{"href":"https:\/\/www.bovila.fr\/en\/wp-json\/wp\/v2\/media?parent=13"}],"curies":[{"name":"wp","href":"https:\/\/api.w.org\/{rel}","templated":true}]}}